{"id":57,"date":"2021-06-29T05:54:17","date_gmt":"2021-06-29T05:54:17","guid":{"rendered":"http:\/\/fiscalfast.com.br\/?page_id=57"},"modified":"2022-03-22T00:06:22","modified_gmt":"2022-03-22T00:06:22","slug":"home","status":"publish","type":"page","link":"https:\/\/fiscalfast.com.br\/","title":{"rendered":"Fiscal Fast"},"content":{"rendered":"\n<div class=\"wp-block-group is-layout-flow wp-block-group-is-layout-flow\"><div class=\"wp-block-group__inner-container\">\n<div class=\"wp-block-columns is-layout-flex wp-container-core-columns-is-layout-9d6595d7 wp-block-columns-is-layout-flex\">\n<div class=\"wp-block-column is-layout-flow wp-block-column-is-layout-flow\" style=\"flex-basis:20%\">\n<figure class=\"wp-block-image size-full is-resized\"><img loading=\"lazy\" decoding=\"async\" src=\"https:\/\/fiscalfast.com.br\/wp-content\/uploads\/2022\/03\/logo-1.jpg\" alt=\"\" class=\"wp-image-113\" width=\"225\" height=\"78\"\/><\/figure>\n<\/div>\n\n\n\n<div class=\"wp-block-column is-vertically-aligned-center is-layout-flow wp-block-column-is-layout-flow\" style=\"flex-basis:80%\">\n<h1 class=\"has-text-align-left has-x-large-font-size wp-block-heading\" style=\"text-transform:uppercase\">ICMS &#8211; BAHIA | ESCRITURA\u00c7\u00c3O<\/h1>\n<\/div>\n<\/div>\n<\/div><\/div>\n\n\n\n<div class=\"wp-block-columns is-layout-flex wp-container-core-columns-is-layout-9d6595d7 wp-block-columns-is-layout-flex\">\n<div class=\"wp-block-column is-layout-flow wp-block-column-is-layout-flow\" style=\"flex-basis:100%\">\n<figure class=\"wp-block-pullquote\"><blockquote><p>PROBLEMAS OU D\u00daVIDAS?<\/p><cite>ENTRE EM CONTATO COM A GENTE<\/cite><\/blockquote><\/figure>\n<\/div>\n<\/div>\n\n\n\n<div class=\"wp-block-group alignwide is-layout-flow wp-block-group-is-layout-flow\"><div class=\"wp-block-group__inner-container\">\n<div class=\"wp-block-media-text alignwide is-stacked-on-mobile mb-4\" style=\"grid-template-columns:15% auto\"><figure class=\"wp-block-media-text__media\"><img loading=\"lazy\" decoding=\"async\" width=\"150\" height=\"150\" src=\"https:\/\/fiscalfast.com.br\/wp-content\/uploads\/2022\/03\/images-150x150.png\" alt=\"\" class=\"wp-image-116 size-thumbnail\" srcset=\"https:\/\/fiscalfast.com.br\/wp-content\/uploads\/2022\/03\/images-150x150.png 150w, https:\/\/fiscalfast.com.br\/wp-content\/uploads\/2022\/03\/images.png 225w\" sizes=\"auto, (max-width: 150px) 100vw, 150px\" \/><\/figure><div class=\"wp-block-media-text__content\">\n<p class=\"has-large-font-size\">fiscalfast.ba@gmail.com<\/p>\n<\/div><\/div>\n<\/div><\/div>\n\n\n\n<p><\/p>\n","protected":false},"excerpt":{"rendered":"<p>ICMS &#8211; BAHIA | ESCRITURA\u00c7\u00c3O PROBLEMAS OU D\u00daVIDAS? ENTRE EM CONTATO COM A GENTE fiscalfast.ba@gmail.com<\/p>\n","protected":false},"author":1,"featured_media":0,"parent":0,"menu_order":0,"comment_status":"closed","ping_status":"closed","template":"","meta":{"om_disable_all_campaigns":false,"_monsterinsights_skip_tracking":false,"_monsterinsights_sitenote_active":false,"_monsterinsights_sitenote_note":"","_monsterinsights_sitenote_category":0,"site-sidebar-layout":"no-sidebar","site-content-layout":"plain-container","ast-main-header-display":"","ast-hfb-above-header-display":"","ast-hfb-below-header-display":"","ast-hfb-mobile-header-display":"","site-post-title":"disabled","ast-breadcrumbs-content":"","ast-featured-img":"disabled","footer-sml-layout":"","theme-transparent-header-meta":"enabled","adv-header-id-meta":"","stick-header-meta":"","header-above-stick-meta":"","header-main-stick-meta":"","header-below-stick-meta":"","footnotes":""},"class_list":["post-57","page","type-page","status-publish","hentry"],"uagb_featured_image_src":{"full":false,"thumbnail":false,"medium":false,"medium_large":false,"large":false,"1536x1536":false,"2048x2048":false},"uagb_author_info":{"display_name":"fiscalfast.ba@gmail.com","author_link":"https:\/\/fiscalfast.com.br\/?author=1"},"uagb_comment_info":0,"uagb_excerpt":"ICMS &#8211; BAHIA | ESCRITURA\u00c7\u00c3O PROBLEMAS OU D\u00daVIDAS? ENTRE EM CONTATO COM A GENTE fiscalfast.ba@gmail.com","_links":{"self":[{"href":"https:\/\/fiscalfast.com.br\/index.php?rest_route=\/wp\/v2\/pages\/57","targetHints":{"allow":["GET"]}}],"collection":[{"href":"https:\/\/fiscalfast.com.br\/index.php?rest_route=\/wp\/v2\/pages"}],"about":[{"href":"https:\/\/fiscalfast.com.br\/index.php?rest_route=\/wp\/v2\/types\/page"}],"author":[{"embeddable":true,"href":"https:\/\/fiscalfast.com.br\/index.php?rest_route=\/wp\/v2\/users\/1"}],"replies":[{"embeddable":true,"href":"https:\/\/fiscalfast.com.br\/index.php?rest_route=%2Fwp%2Fv2%2Fcomments&post=57"}],"version-history":[{"count":11,"href":"https:\/\/fiscalfast.com.br\/index.php?rest_route=\/wp\/v2\/pages\/57\/revisions"}],"predecessor-version":[{"id":121,"href":"https:\/\/fiscalfast.com.br\/index.php?rest_route=\/wp\/v2\/pages\/57\/revisions\/121"}],"wp:attachment":[{"href":"https:\/\/fiscalfast.com.br\/index.php?rest_route=%2Fwp%2Fv2%2Fmedia&parent=57"}],"curies":[{"name":"wp","href":"https:\/\/api.w.org\/{rel}","templated":true}]}}